{"id":661,"date":"2021-06-27T17:26:36","date_gmt":"2021-06-27T17:26:36","guid":{"rendered":"http:\/\/xn--internetkche-llb.de\/?page_id=661"},"modified":"2024-09-06T11:01:07","modified_gmt":"2024-09-06T09:01:07","slug":"datenschutz","status":"publish","type":"page","link":"https:\/\/xn--internetkche-llb.de\/?page_id=661","title":{"rendered":"Datenschutz"},"content":{"rendered":"\t\t<div data-elementor-type=\"wp-page\" data-elementor-id=\"661\" class=\"elementor elementor-661\">\n\t\t\t\t\t\t<section class=\"elementor-section elementor-top-section elementor-element elementor-element-f3b7ad9 elementor-section-full_width elementor-section-stretched elementor-section-height-default elementor-section-height-default wpr-particle-no wpr-jarallax-no wpr-parallax-no wpr-sticky-section-no\" data-id=\"f3b7ad9\" data-element_type=\"section\" data-settings=\"{&quot;stretch_section&quot;:&quot;section-stretched&quot;}\">\n\t\t\t\t\t\t<div class=\"elementor-container elementor-column-gap-default\">\n\t\t\t\t\t<div class=\"elementor-column elementor-col-100 elementor-top-column elementor-element elementor-element-5aa72b0\" data-id=\"5aa72b0\" data-element_type=\"column\">\n\t\t\t<div class=\"elementor-widget-wrap elementor-element-populated\">\n\t\t\t\t\t\t<div class=\"elementor-element elementor-element-2ff232f elementor-widget elementor-widget-spacer\" data-id=\"2ff232f\" data-element_type=\"widget\" data-widget_type=\"spacer.default\">\n\t\t\t\t<div class=\"elementor-widget-container\">\n\t\t\t\t\t\t\t<div class=\"elementor-spacer\">\n\t\t\t<div class=\"elementor-spacer-inner\"><\/div>\n\t\t<\/div>\n\t\t\t\t\t\t<\/div>\n\t\t\t\t<\/div>\n\t\t\t\t\t<\/div>\n\t\t<\/div>\n\t\t\t\t\t<\/div>\n\t\t<\/section>\n\t\t\t\t<section class=\"elementor-section elementor-top-section elementor-element elementor-element-6f5c6fe9 elementor-section-full_width elementor-section-stretched elementor-section-height-default elementor-section-height-default wpr-particle-no wpr-jarallax-no wpr-parallax-no wpr-sticky-section-no\" data-id=\"6f5c6fe9\" data-element_type=\"section\" data-settings=\"{&quot;stretch_section&quot;:&quot;section-stretched&quot;}\">\n\t\t\t\t\t\t<div class=\"elementor-container elementor-column-gap-default\">\n\t\t\t\t\t<div class=\"elementor-column elementor-col-100 elementor-top-column elementor-element elementor-element-53e65ba6\" data-id=\"53e65ba6\" data-element_type=\"column\">\n\t\t\t<div class=\"elementor-widget-wrap elementor-element-populated\">\n\t\t\t\t\t\t<section class=\"elementor-section elementor-inner-section elementor-element elementor-element-7ff0b83e elementor-section-boxed elementor-section-height-default elementor-section-height-default wpr-particle-no wpr-jarallax-no wpr-parallax-no wpr-sticky-section-no\" data-id=\"7ff0b83e\" data-element_type=\"section\">\n\t\t\t\t\t\t<div class=\"elementor-container elementor-column-gap-default\">\n\t\t\t\t\t<div class=\"elementor-column elementor-col-50 elementor-inner-column elementor-element elementor-element-43d1469\" data-id=\"43d1469\" data-element_type=\"column\">\n\t\t\t<div class=\"elementor-widget-wrap elementor-element-populated\">\n\t\t\t\t\t\t<div class=\"elementor-element elementor-element-0d6d501 elementor-widget elementor-widget-spacer\" data-id=\"0d6d501\" data-element_type=\"widget\" data-widget_type=\"spacer.default\">\n\t\t\t\t<div class=\"elementor-widget-container\">\n\t\t\t\t\t\t\t<div class=\"elementor-spacer\">\n\t\t\t<div class=\"elementor-spacer-inner\"><\/div>\n\t\t<\/div>\n\t\t\t\t\t\t<\/div>\n\t\t\t\t<\/div>\n\t\t\t\t<div class=\"elementor-element elementor-element-b0dce3f elementor-widget elementor-widget-text-editor\" data-id=\"b0dce3f\" data-element_type=\"widget\" data-widget_type=\"text-editor.default\">\n\t\t\t\t<div class=\"elementor-widget-container\">\n\t\t\t\t\t\t\t\t\t<h4>DATENSCHUTZERKL\u00c4RUNG<\/h4><p>Der Schutz Ihrer informationellen Selbstbestimmung und Privatsph\u00e4re ist uns ein wichtiges Anliegen. Deshalb werden bei uns personenbezogene Daten ausschlie\u00dflich im Einklang mit den anwendbaren Rechtsvorschriften des Datenschutzes und der Datensicherheit erhoben, verarbeitet und genutzt.<\/p><p>Verantwortlicher im Sinne der Datenschutzgesetze, insbesondere der Datenschutzgrundverordnung (DSGVO), ist:<\/p><p>Benjamin Rombach<br \/>Stadt Str. 39<br \/>78267 Aach<\/p><p>Telefon: +49 (0) 777 164 73 478<br \/>E-Mail:Info@IK4You.de<\/p><p><em><strong>Zwecke der Datenverarbeitung durch den Verantwortlichen und Dritte<\/strong><\/em><\/p><p>Wir verarbeiten Ihre personenbezogenen Daten nur zu den in dieser Datenschutzerkl\u00e4rung genannten Zwecken. Eine \u00dcbermittlung Ihrer pers\u00f6nlichen Daten an Dritte zu anderen als den genannten Zwecken findet nicht statt. Wir geben Ihre pers\u00f6nlichen Daten nur an Dritte weiter, wenn:<\/p><p>\u2022 Sie Ihre ausdr\u00fcckliche Einwilligung dazu erteilt haben,<br \/>\u2022 die Verarbeitung zur Abwicklung eines Vertrags mit Ihnen erforderlich ist,<br \/>\u2022 die Verarbeitung zur Erf\u00fcllung einer rechtlichen Verpflichtung erforderlich ist,<br \/>\u2022 die Verarbeitung zur Wahrung berechtigter Interessen erforderlich ist und kein Grund zur Annahme besteht, dass Sie ein \u00fcberwiegendes schutzw\u00fcrdiges Interesse an der Nichtweitergabe Ihrer Daten haben.<\/p><p><em><strong>Erhebung personenbezogener Daten bei Besuchen unserer Website<\/strong><\/em><\/p><p>Bei der blo\u00df informatorischen Nutzung der Website, also wenn Sie sich nicht registrieren oder uns anderweitig Informationen \u00fcbermitteln, erheben wir nur die personenbezogenen Daten, die Ihr Browser an unseren Server \u00fcbermittelt. Wenn Sie unsere Website betrachten m\u00f6chten, erheben wir die folgenden Daten, die f\u00fcr uns technisch erforderlich sind, um Ihnen unsere Website anzuzeigen und die Stabilit\u00e4t und Sicherheit zu gew\u00e4hrleisten (Rechtsgrundlage ist Art. 6 Abs. 1 S. 1 lit. f DSGVO):<\/p><p>\u2022 IP-Adresse<br \/>\u2022 Datum und Uhrzeit der Anfrage<br \/>\u2022 Zeitzonendifferenz zur Greenwich Mean Time (GMT)<br \/>\u2022 Inhalt der Anforderung (konkrete Seite)<br \/>\u2022 Zugriffsstatus\/HTTP-Statuscode<br \/>\u2022 jeweils \u00fcbertragene Datenmenge<br \/>\u2022 Website, von der die Anforderung kommt<br \/>\u2022 Browser<br \/>\u2022 Betriebssystem und dessen Oberfl\u00e4che<br \/>\u2022 Sprache und Version der Browsersoftware.<\/p><p><em><strong>Cookies<\/strong><\/em><\/p><p>Wie viele andere Webseiten verwenden wir auch so genannte \u201eCookies\u201c. Bei Cookies handelt es sich um kleine Textdateien, die auf Ihrer Festplatte dem von Ihnen verwendeten Browser zugeordnet gespeichert werden und durch welche dem Verantwortlichen, der den Cookie setzt (hier durch uns), bestimmte Informationen zuflie\u00dfen (z. B. IP-Adresse, verwendeter Browser, Betriebssystem und Ihre Verbindung zum Internet). Cookies k\u00f6nnen keine Programme ausf\u00fchren oder Viren auf Ihren Computer \u00fcbertragen. Sie dienen dazu, das Internetangebot insgesamt nutzerfreundlicher und effektiver zu machen.<\/p><p><em><strong>SSL-Verschl\u00fcsselung<\/strong><\/em><\/p><p>Um die Sicherheit Ihrer Daten bei der \u00dcbertragung zu sch\u00fctzen, verwenden wir dem aktuellen Stand der Technik entsprechende Verschl\u00fcsselungsverfahren (z. B. SSL) \u00fcber HTTPS.<\/p><p><em><strong>Kontaktformular<\/strong><\/em><\/p><p>Treten Sie bzgl. Fragen jeglicher Art per E-Mail oder Kontaktformular mit uns in Kontakt, erteilen Sie uns zum Zwecke der Kontaktaufnahme Ihre freiwillige Einwilligung. Hierf\u00fcr ist die Angabe einer validen E-Mail-Adresse erforderlich. Diese dient der Zuordnung der Anfrage und der anschlie\u00dfenden Beantwortung derselben. Die Angabe weiterer Daten ist optional. Die von Ihnen gemachten Angaben werden zum Zwecke der Bearbeitung der Anfrage sowie f\u00fcr m\u00f6gliche Anschlussfragen gespeichert. Nach Erledigung der von Ihnen gestellten Anfrage werden personenbezogene Daten automatisch gel\u00f6scht.<\/p><p><em><strong>Analytics<\/strong><\/em><\/p><p>Diese Website benutzt Google Analytics, einen Webanalysedienst der Google Inc. (folgend: Google). Google Analytics verwendet sog. \u201eCookies\u201c, also Textdateien, die auf Ihrem Computer gespeichert werden und die eine Analyse der Benutzung der Webseite durch Sie erm\u00f6glichen. Die durch das Cookie erzeugten Informationen \u00fcber Ihre Benutzung dieser Webseite werden in der Regel an einen Server von Google in den USA \u00fcbertragen und dort gespeichert. Aufgrund der Aktivierung der IP-Anonymisierung auf diesen Webseiten, wird Ihre IP-Adresse von Google jedoch innerhalb von Mitgliedstaaten der Europ\u00e4ischen Union oder in anderen Vertragsstaaten des Abkommens \u00fcber den Europ\u00e4ischen Wirtschaftsraum zuvor gek\u00fcrzt. Nur in Ausnahmef\u00e4llen wird die volle IP-Adresse an einen Server von Google in den USA \u00fcbertragen und dort gek\u00fcrzt. Im Auftrag des Betreibers dieser Website wird Google diese Informationen benutzen, um Ihre Nutzung der Webseite auszuwerten, um Reports \u00fcber die Webseitenaktivit\u00e4ten zusammenzustellen und um weitere mit der Websitenutzung und der Internetnutzung verbundene Dienstleistungen gegen\u00fcber dem Webseitenbetreiber zu erbringen. Die im Rahmen von Google Analytics von Ihrem Browser \u00fcbermittelte IP-Adresse wird nicht mit anderen Daten von Google zusammengef\u00fchrt.<\/p><p>Die Zwecke der Datenverarbeitung liegen in der Auswertung der Nutzung der Website und in der Zusammenstellung von Reports \u00fcber Aktivit\u00e4ten auf der Website. Auf Grundlage der Nutzung der Website und des Internets sollen dann weitere verbundene Dienstleistungen erbracht werden. Die Verarbeitung beruht auf dem berechtigten Interesse des Webseitenbetreibers.<\/p><p>Sie k\u00f6nnen die Speicherung der Cookies durch eine entsprechende Einstellung Ihrer Browser-Software verhindern; wir weisen Sie jedoch darauf hin, dass Sie in diesem Fall gegebenenfalls nicht s\u00e4mtliche Funktionen dieser Website vollumf\u00e4nglich werden nutzen k\u00f6nnen. Sie k\u00f6nnen dar\u00fcber hinaus die Erfassung der durch das Cookie erzeugten und auf Ihre Nutzung der Webseite bezogenen Daten (inkl. Ihrer IP-Adresse) an Google sowie die Verarbeitung dieser Daten durch Google verhindern, indem sie das unter dem folgenden Link verf\u00fcgbare Browser-Plugin herunterladen und installieren: Browser Add On zur Deaktivierung von Google Analytics (http:\/\/tools.google.com\/dlpage\/gaoptout?hl=de).<br \/>Zus\u00e4tzlich oder als Alternative zum Browser-Add-On k\u00f6nnen Sie das Tracking durch Google Analytics auf unseren Seiten unterbinden, indem Sie <u>diesen Link<\/u> anklicken.\u00a0Dabei wird ein Opt-Out-Cookie auf Ihrem Ger\u00e4t installiert. Damit wird die Erfassung durch Google Analytics f\u00fcr diese Website und f\u00fcr diesen Browser zuk\u00fcnftig verhindert, so lange das Cookie in Ihrem Browser installiert bleibt.<\/p><p><em><strong>Ihre Betroffenenrechte<\/strong><\/em><\/p><p>Sie haben gegen\u00fcber uns folgende Rechte hinsichtlich der Sie betreffenden personenbezogenen Daten:<\/p><p>\u2022 Recht auf Auskunft (Art. 15 EU-DSGVO),<br \/>\u2022 Recht auf Berichtigung (Art. 16 EU-DSGVO),<br \/>\u2022 Recht auf L\u00f6schung (Art. 17 EU-DSGVO),<br \/>\u2022 Recht auf Einschr\u00e4nkung der Verarbeitung (Art. 18 EU-DSGVO),<br \/>\u2022 Recht auf Widerspruch gegen die Verarbeitung (Art. 21 EU-DSGVO),<br \/>\u2022 Recht auf Daten\u00fcbertragbarkeit (Art. 20 EU-DSGVO),<br \/>\u2022 Beschwerderecht bei der zust\u00e4ndigen Aufsichtsbeh\u00f6rde (Art. 57 Abs. 1f EU-DSGVO).<\/p><p>Wenn Sie uns eine Einwilligung zur Verarbeitung Ihrer personenbezogenen Daten erteilt haben, haben Sie au\u00dferdem das Recht, Ihre Einwilligung jederzeit zu widerrufen (Art. 7 Abs. 3 EU-DSGVO). Alle Datenverarbeitungen die wir bis zu Ihrem Widerruf vorgenommen haben, bleiben in diesem Fall rechtm\u00e4\u00dfig. \u00dcber die M\u00f6glichkeit des Widerrufs einer Einwilligung und die konkreten Schritte zur Aus\u00fcbung des Widerrufsrechts werden wir Sie an der Stelle informieren, an der wir Ihre Einwilligung einholen.<\/p><p><em><strong>\u00c4nderung der Datenschutzbestimmungen<\/strong><\/em><\/p><p>Wir behalten uns vor, diese Datenschutzerkl\u00e4rung anzupassen, damit sie stets den aktuellen rechtlichen Anforderungen entspricht oder um \u00c4nderungen unserer Leistungen in der Datenschutzerkl\u00e4rung umzusetzen, z.B. bei der Einf\u00fchrung neuer Services. F\u00fcr Ihren erneuten Besuch gilt dann die neue Datenschutzerkl\u00e4rung.<\/p><p>Stand der Datenschutzerkl\u00e4rung: 01.02.2024<\/p><p><em><strong>Fragen an den Datenschutzbeauftragten<\/strong><\/em><\/p><p>F\u00fcr Fragen zum Datenschutz steht Ihnen unser Datenschutzbeauftragter zur Verf\u00fcgung. Wenden Sie sich hierf\u00fcr bitte schriftlich an:<\/p><p>Benjamin Rombach Datenschutz<br \/>Stadt Str. 39<br \/>78267 Aach<\/p><p>E-Mail: datenschutz@IK4You.de<\/p><p><br \/><br \/><span style=\"text-decoration: underline;\"><em>stand: 06.09.2024<\/em><\/span><\/p>\t\t\t\t\t\t\t\t<\/div>\n\t\t\t\t<\/div>\n\t\t\t\t\t<\/div>\n\t\t<\/div>\n\t\t\t\t<div class=\"elementor-column elementor-col-50 elementor-inner-column elementor-element elementor-element-349dba1f\" data-id=\"349dba1f\" data-element_type=\"column\">\n\t\t\t<div class=\"elementor-widget-wrap elementor-element-populated\">\n\t\t\t\t\t\t<div class=\"elementor-element elementor-element-4708e36 elementor-widget elementor-widget-spacer\" data-id=\"4708e36\" data-element_type=\"widget\" data-widget_type=\"spacer.default\">\n\t\t\t\t<div class=\"elementor-widget-container\">\n\t\t\t\t\t\t\t<div class=\"elementor-spacer\">\n\t\t\t<div class=\"elementor-spacer-inner\"><\/div>\n\t\t<\/div>\n\t\t\t\t\t\t<\/div>\n\t\t\t\t<\/div>\n\t\t\t\t<div class=\"elementor-element elementor-element-fbf4cae elementor-widget elementor-widget-text-editor\" data-id=\"fbf4cae\" data-element_type=\"widget\" data-widget_type=\"text-editor.default\">\n\t\t\t\t<div class=\"elementor-widget-container\">\n\t\t\t\t\t\t\t\t\t<h3>Cookie-Erkl\u00e4rung<\/h3><p><span class=\"borlabs-cookie-open-dialog-preferences brlbs-cmpnt-container\" data-borlabs-cookie-title=\"Cookie Einstellungen \u00c4ndern\" data-borlabs-cookie-type=\"button\" ><\/span><\/p><pre><code><div class=\"brlbs-cmpnt-container brlbs-cmpnt-shortcode-element\" data-borlabs-cookie-service-list><\/div><\/code><\/pre><p>\u00a0<\/p><h2>Einwilligungs-Historie<\/h2><pre><code><div class=\"brlbs-cmpnt-container\" data-borlabs-cookie-consent-history><\/div><\/code><\/pre>\t\t\t\t\t\t\t\t<\/div>\n\t\t\t\t<\/div>\n\t\t\t\t\t<\/div>\n\t\t<\/div>\n\t\t\t\t\t<\/div>\n\t\t<\/section>\n\t\t\t\t\t<\/div>\n\t\t<\/div>\n\t\t\t\t\t<\/div>\n\t\t<\/section>\n\t\t\t\t<\/div>\n\t\t","protected":false},"excerpt":{"rendered":"<p>DATENSCHUTZERKL\u00c4RUNG Der Schutz Ihrer informationellen Selbstbestimmung und Privatsph\u00e4re ist uns ein wichtiges Anliegen. Deshalb werden bei uns personenbezogene Daten ausschlie\u00dflich im Einklang mit den anwendbaren Rechtsvorschriften des Datenschutzes und der Datensicherheit erhoben, verarbeitet und genutzt. Verantwortlicher im Sinne der Datenschutzgesetze, insbesondere der Datenschutzgrundverordnung (DSGVO), ist: Benjamin RombachStadt Str. 3978267 Aach Telefon: +49 (0) 777 164 73 478E-Mail:Info@IK4You.de Zwecke der Datenverarbeitung durch den Verantwortlichen und Dritte Wir verarbeiten Ihre personenbezogenen Daten nur zu den in dieser Datenschutzerkl\u00e4rung genannten Zwecken. Eine \u00dcbermittlung Ihrer pers\u00f6nlichen Daten an Dritte zu anderen als den genannten Zwecken findet nicht statt. Wir geben Ihre pers\u00f6nlichen Daten nur an Dritte weiter, wenn: \u2022 Sie Ihre ausdr\u00fcckliche Einwilligung dazu erteilt haben,\u2022 die Verarbeitung zur Abwicklung eines Vertrags mit Ihnen erforderlich ist,\u2022 die Verarbeitung zur Erf\u00fcllung einer rechtlichen Verpflichtung erforderlich ist,\u2022 die Verarbeitung zur Wahrung berechtigter Interessen erforderlich ist und kein Grund zur Annahme besteht, dass Sie ein \u00fcberwiegendes schutzw\u00fcrdiges Interesse an der Nichtweitergabe Ihrer Daten haben. Erhebung personenbezogener Daten bei Besuchen unserer Website Bei der blo\u00df informatorischen Nutzung der Website, also wenn Sie sich nicht registrieren oder uns anderweitig Informationen \u00fcbermitteln, erheben wir nur die personenbezogenen Daten, die Ihr Browser an unseren Server \u00fcbermittelt. Wenn Sie unsere Website betrachten m\u00f6chten, erheben wir die folgenden Daten, die f\u00fcr uns technisch erforderlich sind, um Ihnen unsere Website anzuzeigen und die Stabilit\u00e4t und Sicherheit zu gew\u00e4hrleisten (Rechtsgrundlage ist Art. 6 Abs. 1 S. 1 lit. f DSGVO): \u2022 IP-Adresse\u2022 Datum und Uhrzeit der Anfrage\u2022 Zeitzonendifferenz zur Greenwich Mean Time (GMT)\u2022 Inhalt der Anforderung (konkrete Seite)\u2022 Zugriffsstatus\/HTTP-Statuscode\u2022 jeweils \u00fcbertragene Datenmenge\u2022 Website, von der die Anforderung kommt\u2022 Browser\u2022 Betriebssystem und dessen Oberfl\u00e4che\u2022 Sprache und Version der Browsersoftware. Cookies Wie viele andere Webseiten verwenden wir auch so genannte \u201eCookies\u201c. Bei Cookies handelt es sich um kleine Textdateien, die auf Ihrer Festplatte dem von Ihnen verwendeten Browser zugeordnet gespeichert werden und durch welche dem Verantwortlichen, der den Cookie setzt (hier durch uns), bestimmte Informationen zuflie\u00dfen (z. B. IP-Adresse, verwendeter Browser, Betriebssystem und Ihre Verbindung zum Internet). Cookies k\u00f6nnen keine Programme ausf\u00fchren oder Viren auf Ihren Computer \u00fcbertragen. Sie dienen dazu, das Internetangebot insgesamt nutzerfreundlicher und effektiver zu machen. SSL-Verschl\u00fcsselung Um die Sicherheit Ihrer Daten bei der \u00dcbertragung zu sch\u00fctzen, verwenden wir dem aktuellen Stand der Technik entsprechende Verschl\u00fcsselungsverfahren (z. B. SSL) \u00fcber HTTPS. Kontaktformular Treten Sie bzgl. Fragen jeglicher Art per E-Mail oder Kontaktformular mit uns in Kontakt, erteilen Sie uns zum Zwecke der Kontaktaufnahme Ihre freiwillige Einwilligung. Hierf\u00fcr ist die Angabe einer validen E-Mail-Adresse erforderlich. Diese dient der Zuordnung der Anfrage und der anschlie\u00dfenden Beantwortung derselben. Die Angabe weiterer Daten ist optional. Die von Ihnen gemachten Angaben werden zum Zwecke der Bearbeitung der Anfrage sowie f\u00fcr m\u00f6gliche Anschlussfragen gespeichert. Nach Erledigung der von Ihnen gestellten Anfrage werden personenbezogene Daten automatisch gel\u00f6scht. Analytics Diese Website benutzt Google Analytics, einen Webanalysedienst der Google Inc. (folgend: Google). Google Analytics verwendet sog. \u201eCookies\u201c, also Textdateien, die auf Ihrem Computer gespeichert werden und die eine Analyse der Benutzung der Webseite durch Sie erm\u00f6glichen. Die durch das Cookie erzeugten Informationen \u00fcber Ihre Benutzung dieser Webseite werden in der Regel an einen Server von Google in den USA \u00fcbertragen und dort gespeichert. Aufgrund der Aktivierung der IP-Anonymisierung auf diesen Webseiten, wird Ihre IP-Adresse von Google jedoch innerhalb von Mitgliedstaaten der Europ\u00e4ischen Union oder in anderen Vertragsstaaten des Abkommens \u00fcber den Europ\u00e4ischen Wirtschaftsraum zuvor gek\u00fcrzt. Nur in Ausnahmef\u00e4llen wird die volle IP-Adresse an einen Server von Google in den USA \u00fcbertragen und dort gek\u00fcrzt. Im Auftrag des Betreibers dieser Website wird Google diese Informationen benutzen, um Ihre Nutzung der Webseite auszuwerten, um Reports \u00fcber die Webseitenaktivit\u00e4ten zusammenzustellen und um weitere mit der Websitenutzung und der Internetnutzung verbundene Dienstleistungen gegen\u00fcber dem Webseitenbetreiber zu erbringen. Die im Rahmen von Google Analytics von Ihrem Browser \u00fcbermittelte IP-Adresse wird nicht mit anderen Daten von Google zusammengef\u00fchrt. Die Zwecke der Datenverarbeitung liegen in der Auswertung der Nutzung der Website und in der Zusammenstellung von Reports \u00fcber Aktivit\u00e4ten auf der Website. Auf Grundlage der Nutzung der Website und des Internets sollen dann weitere verbundene Dienstleistungen erbracht werden. Die Verarbeitung beruht auf dem berechtigten Interesse des Webseitenbetreibers. Sie k\u00f6nnen die Speicherung der Cookies durch eine entsprechende Einstellung Ihrer Browser-Software verhindern; wir weisen Sie jedoch darauf hin, dass Sie in diesem Fall gegebenenfalls nicht s\u00e4mtliche Funktionen dieser Website vollumf\u00e4nglich werden nutzen k\u00f6nnen. Sie k\u00f6nnen dar\u00fcber hinaus die Erfassung der durch das Cookie erzeugten und auf Ihre Nutzung der Webseite bezogenen Daten (inkl. Ihrer IP-Adresse) an Google sowie die Verarbeitung dieser Daten durch Google verhindern, indem sie das unter dem folgenden Link verf\u00fcgbare Browser-Plugin herunterladen und installieren: Browser Add On zur Deaktivierung von Google Analytics (http:\/\/tools.google.com\/dlpage\/gaoptout?hl=de).Zus\u00e4tzlich oder als Alternative zum Browser-Add-On k\u00f6nnen Sie das Tracking durch Google Analytics auf unseren Seiten unterbinden, indem Sie diesen Link anklicken.\u00a0Dabei wird ein Opt-Out-Cookie auf Ihrem Ger\u00e4t installiert. Damit wird die Erfassung durch Google Analytics f\u00fcr diese Website und f\u00fcr diesen Browser zuk\u00fcnftig verhindert, so lange das Cookie in Ihrem Browser installiert bleibt. Ihre Betroffenenrechte Sie haben gegen\u00fcber uns folgende Rechte hinsichtlich der Sie betreffenden personenbezogenen Daten: \u2022 Recht auf Auskunft (Art. 15 EU-DSGVO),\u2022 Recht auf Berichtigung (Art. 16 EU-DSGVO),\u2022 Recht auf L\u00f6schung (Art. 17 EU-DSGVO),\u2022 Recht auf Einschr\u00e4nkung der Verarbeitung (Art. 18 EU-DSGVO),\u2022 Recht auf Widerspruch gegen die Verarbeitung (Art. 21 EU-DSGVO),\u2022 Recht auf Daten\u00fcbertragbarkeit (Art. 20 EU-DSGVO),\u2022 Beschwerderecht bei der zust\u00e4ndigen Aufsichtsbeh\u00f6rde (Art. 57 Abs. 1f EU-DSGVO). Wenn Sie uns eine Einwilligung zur Verarbeitung Ihrer personenbezogenen Daten erteilt haben, haben Sie au\u00dferdem das Recht, Ihre Einwilligung jederzeit zu widerrufen (Art. 7 Abs. 3 EU-DSGVO). Alle Datenverarbeitungen die wir bis zu Ihrem Widerruf vorgenommen haben, bleiben in diesem Fall rechtm\u00e4\u00dfig. \u00dcber die M\u00f6glichkeit des Widerrufs einer Einwilligung und die konkreten Schritte zur Aus\u00fcbung des Widerrufsrechts werden wir Sie an der Stelle informieren, an der wir Ihre Einwilligung einholen. \u00c4nderung der Datenschutzbestimmungen Wir behalten uns vor, diese Datenschutzerkl\u00e4rung anzupassen, damit sie stets den aktuellen rechtlichen Anforderungen entspricht oder um \u00c4nderungen unserer Leistungen in der Datenschutzerkl\u00e4rung umzusetzen, z.B. bei der Einf\u00fchrung neuer Services. F\u00fcr Ihren erneuten Besuch gilt dann die neue Datenschutzerkl\u00e4rung. Stand der Datenschutzerkl\u00e4rung: 01.02.2024<\/p>\n","protected":false},"author":1,"featured_media":0,"parent":0,"menu_order":0,"comment_status":"closed","ping_status":"open","template":"page-templates\/pagebuilder.php","meta":{"_eb_attr":"","footnotes":""},"class_list":["post-661","page","type-page","status-publish","hentry"],"jetpack_sharing_enabled":true,"_links":{"self":[{"href":"https:\/\/xn--internetkche-llb.de\/index.php?rest_route=\/wp\/v2\/pages\/661","targetHints":{"allow":["GET"]}}],"collection":[{"href":"https:\/\/xn--internetkche-llb.de\/index.php?rest_route=\/wp\/v2\/pages"}],"about":[{"href":"https:\/\/xn--internetkche-llb.de\/index.php?rest_route=\/wp\/v2\/types\/page"}],"author":[{"embeddable":true,"href":"https:\/\/xn--internetkche-llb.de\/index.php?rest_route=\/wp\/v2\/users\/1"}],"replies":[{"embeddable":true,"href":"https:\/\/xn--internetkche-llb.de\/index.php?rest_route=%2Fwp%2Fv2%2Fcomments&post=661"}],"version-history":[{"count":0,"href":"https:\/\/xn--internetkche-llb.de\/index.php?rest_route=\/wp\/v2\/pages\/661\/revisions"}],"wp:attachment":[{"href":"https:\/\/xn--internetkche-llb.de\/index.php?rest_route=%2Fwp%2Fv2%2Fmedia&parent=661"}],"curies":[{"name":"wp","href":"https:\/\/api.w.org\/{rel}","templated":true}]}}