{"id":3980,"date":"2023-10-22T05:45:30","date_gmt":"2023-10-22T03:45:30","guid":{"rendered":"https:\/\/xn--internetkche-llb.de\/?page_id=3980"},"modified":"2023-10-22T08:15:09","modified_gmt":"2023-10-22T06:15:09","slug":"erlebnis-rundgang","status":"publish","type":"page","link":"https:\/\/xn--internetkche-llb.de\/?page_id=3980","title":{"rendered":"Erlebnis-Rundgang"},"content":{"rendered":"\t\t<div data-elementor-type=\"wp-page\" data-elementor-id=\"3980\" class=\"elementor elementor-3980\">\n\t\t\t\t\t\t<section class=\"elementor-section elementor-top-section elementor-element elementor-element-5b799b7 elementor-section-full_width elementor-section-stretched elementor-section-height-default elementor-section-height-default wpr-particle-no wpr-jarallax-no wpr-parallax-no wpr-sticky-section-no\" data-id=\"5b799b7\" data-element_type=\"section\" data-settings=\"{&quot;stretch_section&quot;:&quot;section-stretched&quot;}\">\n\t\t\t\t\t\t<div class=\"elementor-container elementor-column-gap-no\">\n\t\t\t\t\t<div class=\"elementor-column elementor-col-100 elementor-top-column elementor-element elementor-element-7990eb5\" data-id=\"7990eb5\" data-element_type=\"column\">\n\t\t\t<div class=\"elementor-widget-wrap elementor-element-populated\">\n\t\t\t\t\t\t<div class=\"elementor-element elementor-element-38e9960 wpr-offcanvas-align-right elementor-absolute wpr-offcanvas-entrance-animation-fade elementor-widget elementor-widget-wpr-offcanvas\" data-id=\"38e9960\" data-element_type=\"widget\" data-settings=\"{&quot;_position&quot;:&quot;absolute&quot;}\" data-widget_type=\"wpr-offcanvas.default\">\n\t\t\t\t<div class=\"elementor-widget-container\">\n\t\t\t\t\t\n\t\t<div class=\"wpr-offcanvas-container\" data-offcanvas-open=\"no\">\n\t\t\t<button class=\"wpr-offcanvas-trigger\" aria-label=\"M E N U\" aria-expanded=\"false\" aria-controls=\"wpr-offcanvas-38e9960\">\n\t\t\t\t<i class=\"fas fa-bars\"><\/i>\t\t\t\t\t\t\t\t\t<span>M E N U<\/span>\n\t\t\t\t\t\t\t<\/button>\n\n\t\t\t<div class=\"wpr-offcanvas-wrap wpr-offcanvas-wrap-right\">\n\t\t\t\t<div class=\"wpr-offcanvas-content wpr-offcanvas-content-right\">\n\t\t\t\t\t<div class=\"wpr-offcanvas-header\">\n\t\t\t\t\t\t<span class=\"wpr-close-offcanvas\">\n\t\t\t\t\t\t\t<i class=\"fa fa-times\" aria-hidden=\"true\"><\/i>\n\t\t\t\t\t\t<\/span>\n\t\t\t\t\t\t\t\t\t\t\t<\/div>\n\t\t\t\t\t<style>.elementor-3807 .elementor-element.elementor-element-89ada1d{text-align:center;}.elementor-3807 .elementor-element.elementor-element-89ada1d .wpr-logo{padding:0px 0px 0px 0px;border-style:none;border-radius:0px 0px 0px 0px;}.elementor-3807 .elementor-element.elementor-element-89ada1d .wpr-logo-image{max-width:250px;}.elementor-3807 .elementor-element.elementor-element-89ada1d.wpr-logo-position-left .wpr-logo-image{margin-right:0px;}.elementor-3807 .elementor-element.elementor-element-89ada1d.wpr-logo-position-right .wpr-logo-image{margin-left:0px;}.elementor-3807 .elementor-element.elementor-element-89ada1d.wpr-logo-position-center .wpr-logo-image{margin-bottom:0px;}.elementor-3807 .elementor-element.elementor-element-89ada1d .wpr-logo-title{color:#605BE5;margin:0 0 0px;}.elementor-3807 .elementor-element.elementor-element-89ada1d .wpr-logo-description{color:#888888;}.elementor-widget-eael-simple-menu .eael-simple-menu >li > a, .eael-simple-menu-container .eael-simple-menu-toggle-text{font-family:var( --e-global-typography-primary-font-family ), Sans-serif;font-weight:var( --e-global-typography-primary-font-weight );}.elementor-widget-eael-simple-menu .eael-simple-menu li ul li > a{font-family:var( --e-global-typography-primary-font-family ), Sans-serif;font-weight:var( --e-global-typography-primary-font-weight );}.elementor-3807 .elementor-element.elementor-element-0e18b92 .eael-simple-menu-container{background-color:#FFFFFF;}.elementor-3807 .elementor-element.elementor-element-0e18b92 .eael-simple-menu-container .eael-simple-menu.eael-simple-menu-horizontal{background-color:#FFFFFF;}.elementor-3807 .elementor-element.elementor-element-0e18b92 .eael-simple-menu li > a{color:#000000;}.elementor-3807 .elementor-element.elementor-element-0e18b92 .eael-simple-menu li > a > span svg{fill:#000000;}.elementor-3807 .elementor-element.elementor-element-0e18b92 .eael-simple-menu-toggle-text{color:#000000;}.elementor-3807 .elementor-element.elementor-element-0e18b92 .eael-simple-menu li a span, .elementor-3807 .elementor-element.elementor-element-0e18b92 .eael-simple-menu li span.eael-simple-menu-indicator{font-size:15px;}.elementor-3807 .elementor-element.elementor-element-0e18b92 .eael-simple-menu li a span, .elementor-3807 .elementor-element.elementor-element-0e18b92 .eael-simple-menu li span.eael-simple-menu-indicator i{font-size:15px;}.elementor-3807 .elementor-element.elementor-element-0e18b92 .eael-simple-menu li span.eael-simple-menu-indicator svg{width:15px;height:15px;line-height:15px;}.elementor-3807 .elementor-element.elementor-element-0e18b92 .eael-simple-menu li span svg{width:15px;height:15px;line-height:15px;}.elementor-3807 .elementor-element.elementor-element-0e18b92 .eael-simple-menu li a span{color:#F4433600 !important;border-color:#F4433600 !important;}.elementor-3807 .elementor-element.elementor-element-0e18b92 .eael-simple-menu li a span svg path{fill:#F4433600 !important;}.elementor-3807 .elementor-element.elementor-element-0e18b92 .eael-simple-menu li .eael-simple-menu-indicator:before{color:#F4433600 !important;}.elementor-3807 .elementor-element.elementor-element-0e18b92 .eael-simple-menu li .eael-simple-menu-indicator i{color:#F4433600 !important;}.elementor-3807 .elementor-element.elementor-element-0e18b92 .eael-simple-menu li .eael-simple-menu-indicator svg path{fill:#F4433600 !important;}.elementor-3807 .elementor-element.elementor-element-0e18b92 .eael-simple-menu li .eael-simple-menu-indicator{border-color:#F4433600 !important;}.elementor-3807 .elementor-element.elementor-element-0e18b92 .eael-simple-menu li .eael-simple-menu-indicator:hover:before{color:#3C1815;}.elementor-3807 .elementor-element.elementor-element-0e18b92 .eael-simple-menu li .eael-simple-menu-indicator:hover i{color:#3C1815;}.elementor-3807 .elementor-element.elementor-element-0e18b92 .eael-simple-menu li .eael-simple-menu-indicator:hover svg{fill:#3C1815;}.elementor-3807 .elementor-element.elementor-element-0e18b92 .eael-simple-menu li .eael-simple-menu-indicator:hover{background-color:#ffffff;border-color:#f44336;}.elementor-3807 .elementor-element.elementor-element-0e18b92 .eael-simple-menu li .eael-simple-menu-indicator.eael-simple-menu-indicator-open:before{color:#f44336 !important;}.elementor-3807 .elementor-element.elementor-element-0e18b92 .eael-simple-menu li .eael-simple-menu-indicator.eael-simple-menu-indicator-open svg{fill:#f44336 !important;}.elementor-3807 .elementor-element.elementor-element-0e18b92 .eael-simple-menu li .eael-simple-menu-indicator.eael-simple-menu-indicator-open i{color:#f44336 !important;}.elementor-3807 .elementor-element.elementor-element-0e18b92 .eael-simple-menu li .eael-simple-menu-indicator.eael-simple-menu-indicator-open{background-color:#ffffff !important;border-color:#f44336 !important;}.elementor-3807 .elementor-element.elementor-element-0e18b92 .eael-simple-menu-container .eael-simple-menu-toggle{background-color:#000000;}.elementor-3807 .elementor-element.elementor-element-0e18b92 .eael-simple-menu-container .eael-simple-menu-toggle i{color:#ffffff;}.elementor-3807 .elementor-element.elementor-element-0e18b92 .eael-simple-menu-container .eael-simple-menu-toggle svg{fill:#ffffff;}.elementor-3807 .elementor-element.elementor-element-0e18b92 .eael-simple-menu.eael-simple-menu-horizontal li ul li a{padding-left:20px;padding-right:20px;}.elementor-3807 .elementor-element.elementor-element-0e18b92 .eael-simple-menu.eael-simple-menu-horizontal li ul li > a{border-bottom:1px solid #f2f2f2;}.elementor-3807 .elementor-element.elementor-element-0e18b92 .eael-simple-menu.eael-simple-menu-vertical li ul li > a{border-bottom:1px solid #f2f2f2;}.elementor-3807 .elementor-element.elementor-element-0e18b92 .eael-simple-menu li ul li a span{font-size:12px;}.elementor-3807 .elementor-element.elementor-element-0e18b92 .eael-simple-menu li ul li span.eael-simple-menu-indicator{font-size:12px;}.elementor-3807 .elementor-element.elementor-element-0e18b92 .eael-simple-menu li ul li span.eael-simple-menu-indicator i{font-size:12px;}.elementor-3807 .elementor-element.elementor-element-0e18b92 .eael-simple-menu li ul li .eael-simple-menu-indicator svg{width:12px;height:12px;line-height:12px;}.elementor-3807 .elementor-element.elementor-element-0e18b92 .eael-simple-menu li ul li .eael-simple-menu-indicator:hover:before{color:#f44336 !important;}.elementor-3807 .elementor-element.elementor-element-0e18b92 .eael-simple-menu li ul li .eael-simple-menu-indicator.eael-simple-menu-indicator-open:before{color:#f44336 !important;}.elementor-3807 .elementor-element.elementor-element-0e18b92 .eael-simple-menu li ul li .eael-simple-menu-indicator:hover{background-color:#ffffff !important;border-color:#f44336 !important;}.elementor-3807 .elementor-element.elementor-element-0e18b92 .eael-simple-menu li ul li .eael-simple-menu-indicator.eael-simple-menu-indicator-open{background-color:#ffffff !important;border-color:#f44336 !important;}<\/style>\t\t<div data-elementor-type=\"section\" data-elementor-id=\"3807\" class=\"elementor elementor-3807\">\n\t\t\t\t\t\t<section class=\"elementor-section elementor-top-section elementor-element elementor-element-be5873d elementor-section-boxed elementor-section-height-default elementor-section-height-default wpr-particle-no wpr-jarallax-no wpr-parallax-no wpr-sticky-section-no\" data-id=\"be5873d\" data-element_type=\"section\">\n\t\t\t\t\t\t<div class=\"elementor-container elementor-column-gap-default\">\n\t\t\t\t\t<div class=\"elementor-column elementor-col-100 elementor-top-column elementor-element elementor-element-c9a4702\" data-id=\"c9a4702\" data-element_type=\"column\">\n\t\t\t<div class=\"elementor-widget-wrap elementor-element-populated\">\n\t\t\t\t\t\t<div class=\"elementor-element elementor-element-89ada1d wpr-logo-position-center elementor-widget elementor-widget-wpr-logo\" data-id=\"89ada1d\" data-element_type=\"widget\" data-widget_type=\"wpr-logo.default\">\n\t\t\t\t<div class=\"elementor-widget-container\">\n\t\t\t\t\t\t\t\t\n\t\t\t<div class=\"wpr-logo elementor-clearfix\">\n\n\t\t\t\t\t\t\t\t<picture class=\"wpr-logo-image\">\n\t\t\t\t\t\t\t\t\t\t<source media=\"(max-width: 767px)\" srcset=\"https:\/\/xn--internetkche-llb.de\/wp-content\/uploads\/2023\/10\/ik4you.png\">\t\n\t\t\t\t\t\n\t\t\t\t\t\t\t\t\t\t<source srcset=\"https:\/\/xn--internetkche-llb.de\/wp-content\/uploads\/2023\/10\/ik4you.png 1x, https:\/\/xn--internetkche-llb.de\/wp-content\/uploads\/2023\/10\/ik4you.png 2x\">\t\n\t\t\t\t\t\t\t\t\t\t\n\t\t\t\t\t<img decoding=\"async\" src=\"https:\/\/xn--internetkche-llb.de\/wp-content\/uploads\/2023\/10\/ik4you.png\" alt=\"\">\n\n\t\t\t\t\t\t\t\t\t<\/picture>\n\t\t\t\t\n\t\t\t\t\n\t\t\t\t\n\t\t\t<\/div>\n\t\t\t\t\n\t\t\t\t\t\t<\/div>\n\t\t\t\t<\/div>\n\t\t\t\t<div class=\"elementor-element elementor-element-0e18b92 eael_simple_menu_hamburger_disable_selected_menu_no eael-simple-menu-hamburger-align-right eael-hamburger--tablet elementor-widget elementor-widget-eael-simple-menu\" data-id=\"0e18b92\" data-element_type=\"widget\" data-widget_type=\"eael-simple-menu.default\">\n\t\t\t\t<div class=\"elementor-widget-container\">\n\t\t\t\t\t<style>\n                        @media screen and (max-width: 1024px) {\n                            .eael-hamburger--tablet {\n                                .eael-simple-menu-horizontal,\n                                .eael-simple-menu-vertical {\n                                    display: none;\n                                }\n                            }\n                            .eael-hamburger--tablet {\n                                .eael-simple-menu-container .eael-simple-menu-toggle {\n                                    display: block;\n                                }\n                            }\n                        }\n                    <\/style>            <div data-hamburger-icon=\"&lt;i aria-hidden=&quot;true&quot; class=&quot;fas fa-bars&quot;&gt;&lt;\/i&gt;\" data-indicator-icon=\"&lt;i aria-hidden=&quot;true&quot; class=&quot;fas fa-angle-down&quot;&gt;&lt;\/i&gt;\" data-dropdown-indicator-icon=\"&lt;i class=&quot;fas fa-angle-down&quot;&gt;&lt;\/i&gt;\" class=\"eael-simple-menu-container eael-simple-menu-align-left eael-simple-menu-dropdown-align-left preset-2\" data-hamburger-breakpoints=\"{&quot;mobile&quot;:&quot;Mobil Hochformat (&gt; 767px)&quot;,&quot;tablet&quot;:&quot;Tablet-Hochformat (&gt; 1024px)&quot;,&quot;desktop&quot;:&quot;Desktop (&gt; 2400px)&quot;,&quot;none&quot;:&quot;None&quot;}\" data-hamburger-device=\"tablet\">\n                <ul id=\"menu-mainmenu\" class=\"eael-simple-menu eael-simple-menu-dropdown-animate-to-top eael-simple-menu-indicator eael-simple-menu-vertical\"><li id=\"menu-item-2341\" class=\"menu-item menu-item-type-post_type menu-item-object-page menu-item-2341\"><a href=\"https:\/\/xn--internetkche-llb.de\/?page_id=2318\">\u00dcber Uns<\/a><\/li>\n<li id=\"menu-item-1149\" class=\"menu-item menu-item-type-post_type menu-item-object-page menu-item-1149\"><a href=\"https:\/\/xn--internetkche-llb.de\/?page_id=743\">Planer<\/a><\/li>\n<li id=\"menu-item-2776\" class=\"menu-item menu-item-type-post_type menu-item-object-page menu-item-2776\"><a href=\"https:\/\/xn--internetkche-llb.de\/?page_id=2774\">K\u00fcchen<\/a><\/li>\n<li id=\"menu-item-2777\" class=\"menu-item menu-item-type-post_type menu-item-object-page menu-item-2777\"><a href=\"https:\/\/xn--internetkche-llb.de\/?page_id=2770\">B\u00e4der<\/a><\/li>\n<li id=\"menu-item-2782\" class=\"menu-item menu-item-type-post_type menu-item-object-page menu-item-2782\"><a href=\"https:\/\/xn--internetkche-llb.de\/?page_id=2778\">Wohnen<\/a><\/li>\n<li id=\"menu-item-6333\" class=\"menu-item menu-item-type-post_type menu-item-object-page menu-item-6333\"><a href=\"https:\/\/xn--internetkche-llb.de\/?page_id=6028\">Projekte<\/a><\/li>\n<li id=\"menu-item-2339\" class=\"menu-item menu-item-type-custom menu-item-object-custom menu-item-has-children menu-item-2339\"><a href=\"\/kundendienste\">Service<\/a>\n<ul class=\"sub-menu\">\n\t<li id=\"menu-item-1150\" class=\"menu-item menu-item-type-post_type menu-item-object-page menu-item-1150\"><a href=\"https:\/\/xn--internetkche-llb.de\/?page_id=1111\">Kontakt<\/a><\/li>\n\t<li id=\"menu-item-4119\" class=\"menu-item menu-item-type-post_type menu-item-object-page menu-item-4119\"><a href=\"https:\/\/xn--internetkche-llb.de\/?page_id=3980\">Erlebnis-Rundgang<\/a><\/li>\n\t<li id=\"menu-item-2282\" class=\"menu-item menu-item-type-post_type menu-item-object-page menu-item-2282\"><a href=\"https:\/\/xn--internetkche-llb.de\/?page_id=661\">Datenschutz<\/a><\/li>\n\t<li id=\"menu-item-2283\" class=\"menu-item menu-item-type-post_type menu-item-object-page menu-item-2283\"><a href=\"https:\/\/xn--internetkche-llb.de\/?page_id=650\">Impressum<\/a><\/li>\n<\/ul>\n<\/li>\n<\/ul>                <button class=\"eael-simple-menu-toggle\">\n                    <span class=\"sr-only \">Hamburger Toggle Menu<\/span>\n                    <i aria-hidden=\"true\" class=\"fas fa-bars\"><\/i>                <\/button>\n            <\/div>\n            \t\t\t\t<\/div>\n\t\t\t\t<\/div>\n\t\t\t\t<div class=\"elementor-element elementor-element-d1e8434 elementor-widget elementor-widget-sidebar\" data-id=\"d1e8434\" data-element_type=\"widget\" data-widget_type=\"sidebar.default\">\n\t\t\t\t<div class=\"elementor-widget-container\">\n\t\t\t\t\t<aside id=\"text-5\" class=\"widget text_widget widget_text wow animate fadeInUp\" data-wow-delay=\".3s\"><h4 class=\"widget-title\">So finden Sie uns<\/h4>\t\t\t<div class=\"textwidget\"><address><i class=\"fa fa-map-marker\"><\/i>InternetK\u00fcche.de<br \/>\nStadt Str.39<br \/>\n78267 Aach<br \/>\n<i class=\"fa fa-envelope-o\"><\/i><a href=\"mailto:info@IK4You.de\">Info@IK4You.de<\/a><br \/>\n<i class=\"fa fa-phone\"><\/i><a href=\"tel:+4916092325701\">+49 (0) 160 923 257 01<\/a><\/address>\n<\/div>\n\t\t<\/aside>\t\t\t\t<\/div>\n\t\t\t\t<\/div>\n\t\t\t\t\t<\/div>\n\t\t<\/div>\n\t\t\t\t\t<\/div>\n\t\t<\/section>\n\t\t\t\t<\/div>\n\t\t<span class=\"wpr-template-edit-btn\" data-permalink=\"https:\/\/xn--internetkche-llb.de\/?elementor_library=lust2023\">Edit Template<\/span>\t\t\t\t<\/div>\n\t\t\t<\/div>\n\t\t<\/div>\n        \n    \t\t\t\t<\/div>\n\t\t\t\t<\/div>\n\t\t\t\t<div class=\"elementor-element elementor-element-0d16112 elementor-widget elementor-widget-html\" data-id=\"0d16112\" data-element_type=\"widget\" data-widget_type=\"html.default\">\n\t\t\t\t<div class=\"elementor-widget-container\">\n\t\t\t\t\t<html lang=\"en\">\n<head>\n\n<style>\n    body{\n        margin: 0;     }\n    iframe{      \n        display: block;     \n        height: 100vh;     \n        width: 100vw;    \n        border: none; \n        background: lightyellow; \n    }\n<\/style>\n<\/head>\n<body>\n     <div class=\"brlbs-cmpnt-container brlbs-cmpnt-content-blocker\" data-borlabs-cookie-content-blocker-id=\"default\" data-borlabs-cookie-content=\"PGlmcmFtZSBzcmM9Imh0dHBzOi8vMzYwLmxpbS1maWxtLmRlL2RlL3RvdXIvYmF1bWFubmdyb3VwIj48L2lmcmFtZT4=\" ><div class=\"brlbs-cmpnt-cb-preset-a\"> <p class=\"brlbs-cmpnt-cb-description\">Sie sehen gerade einen Platzhalterinhalt von <strong>Standard-Google-Instagram-Facebook<\/strong>. Um auf den eigentlichen Inhalt zuzugreifen, klicken Sie auf den Button unten. Bitte beachten Sie, dass dabei Daten an Drittanbieter weitergegeben werden.<\/p> <div class=\"brlbs-cmpnt-cb-buttons\"> <a class=\"brlbs-cmpnt-cb-btn\" href=\"#\" data-borlabs-cookie-unblock role=\"button\">Inhalt entsperren<\/a> <a class=\"brlbs-cmpnt-cb-btn\" href=\"#\" data-borlabs-cookie-accept-service role=\"button\" style=\"display: inherit\">Erforderlichen Service akzeptieren und Inhalte entsperren<\/a> <\/div> <a class=\"brlbs-cmpnt-cb-provider-toggle\" href=\"#\" data-borlabs-cookie-show-provider-information role=\"button\">Weitere Informationen<\/a> <\/div><\/div>\n<\/body>\n<\/html>\t\t\t\t<\/div>\n\t\t\t\t<\/div>\n\t\t\t\t\t<\/div>\n\t\t<\/div>\n\t\t\t\t\t<\/div>\n\t\t<\/section>\n\t\t\t\t<section data-wpr-sticky-section=\"yes\" data-wpr-position-type=\"fixed\" data-wpr-position-offset=\"0\" data-wpr-position-location=\"bottom\" data-wpr-sticky-devices=\"desktop_sticky\" data-wpr-custom-breakpoints=\"\" data-wpr-active-breakpoints=\"mobile_sticky tablet_sticky desktop_sticky\" data-wpr-z-index=\"10\" data-wpr-sticky-hide=\"\" data-wpr-replace-header=\"\" data-wpr-animation-duration=\"\" data-wpr-sticky-type=\"\" class=\"elementor-section elementor-top-section elementor-element elementor-element-a0a113b elementor-section-content-space-around wpr-sticky-section-yes elementor-section-boxed elementor-section-height-default elementor-section-height-default wpr-particle-no wpr-jarallax-no wpr-parallax-no\" data-id=\"a0a113b\" data-element_type=\"section\" data-settings=\"{&quot;position_offset&quot;:0,&quot;position_offset_tablet&quot;:0,&quot;position_offset_mobile&quot;:0}\">\n\t\t\t\t\t\t<div class=\"elementor-container elementor-column-gap-default\">\n\t\t\t\t\t<div class=\"elementor-column elementor-col-100 elementor-top-column elementor-element elementor-element-33efd6b\" data-id=\"33efd6b\" data-element_type=\"column\">\n\t\t\t<div class=\"elementor-widget-wrap elementor-element-populated\">\n\t\t\t\t\t\t<div class=\"elementor-element elementor-element-d002254 elementor-widget elementor-widget-image\" data-id=\"d002254\" data-element_type=\"widget\" data-widget_type=\"image.default\">\n\t\t\t\t<div class=\"elementor-widget-container\">\n\t\t\t\t\t\t\t\t\t\t\t\t\t\t\t<img decoding=\"async\" width=\"300\" height=\"80\" src=\"https:\/\/xn--internetkche-llb.de\/wp-content\/uploads\/2023\/10\/ik4you-300x80.png\" class=\"attachment-medium size-medium wp-image-4017\" alt=\"\" srcset=\"https:\/\/xn--internetkche-llb.de\/wp-content\/uploads\/2023\/10\/ik4you-300x80.png 300w, https:\/\/xn--internetkche-llb.de\/wp-content\/uploads\/2023\/10\/ik4you-1024x273.png 1024w, https:\/\/xn--internetkche-llb.de\/wp-content\/uploads\/2023\/10\/ik4you-768x205.png 768w, https:\/\/xn--internetkche-llb.de\/wp-content\/uploads\/2023\/10\/ik4you-1536x409.png 1536w, https:\/\/xn--internetkche-llb.de\/wp-content\/uploads\/2023\/10\/ik4you-2048x546.png 2048w\" sizes=\"(max-width: 300px) 100vw, 300px\" \/>\t\t\t\t\t\t\t\t\t\t\t\t\t\t\t<\/div>\n\t\t\t\t<\/div>\n\t\t\t\t\t<\/div>\n\t\t<\/div>\n\t\t\t\t\t<\/div>\n\t\t<\/section>\n\t\t\t\t<\/div>\n\t\t","protected":false},"excerpt":{"rendered":"<p>M E N U Lust auf Ver\u00e4nderung? Frische Einrichtungsideengesucht! \u00dcberzeugendes Design und \u00fcberraschende Trends! Le design doit \u00eatre quelque chose d\u2019essentiel. Design bedeutet Esprit der Materie. Minimalismus EVERYWHERE Edit Template Sie sehen gerade einen Platzhalterinhalt von Standard-Google-Instagram-Facebook. Um auf den eigentlichen Inhalt zuzugreifen, klicken Sie auf den Button unten. Bitte beachten Sie, dass dabei Daten an Drittanbieter weitergegeben werden. Inhalt entsperren Erforderlichen Service akzeptieren und Inhalte entsperren Weitere Informationen<\/p>\n","protected":false},"author":1,"featured_media":0,"parent":0,"menu_order":0,"comment_status":"closed","ping_status":"closed","template":"elementor_canvas","meta":{"_eb_attr":"","footnotes":""},"class_list":["post-3980","page","type-page","status-publish","hentry"],"jetpack_sharing_enabled":true,"_links":{"self":[{"href":"https:\/\/xn--internetkche-llb.de\/index.php?rest_route=\/wp\/v2\/pages\/3980","targetHints":{"allow":["GET"]}}],"collection":[{"href":"https:\/\/xn--internetkche-llb.de\/index.php?rest_route=\/wp\/v2\/pages"}],"about":[{"href":"https:\/\/xn--internetkche-llb.de\/index.php?rest_route=\/wp\/v2\/types\/page"}],"author":[{"embeddable":true,"href":"https:\/\/xn--internetkche-llb.de\/index.php?rest_route=\/wp\/v2\/users\/1"}],"replies":[{"embeddable":true,"href":"https:\/\/xn--internetkche-llb.de\/index.php?rest_route=%2Fwp%2Fv2%2Fcomments&post=3980"}],"version-history":[{"count":0,"href":"https:\/\/xn--internetkche-llb.de\/index.php?rest_route=\/wp\/v2\/pages\/3980\/revisions"}],"wp:attachment":[{"href":"https:\/\/xn--internetkche-llb.de\/index.php?rest_route=%2Fwp%2Fv2%2Fmedia&parent=3980"}],"curies":[{"name":"wp","href":"https:\/\/api.w.org\/{rel}","templated":true}]}}