{"id":2318,"date":"2021-07-23T14:07:18","date_gmt":"2021-07-23T12:07:18","guid":{"rendered":"https:\/\/xn--internetkche-llb.de\/?page_id=2318"},"modified":"2025-02-27T15:45:01","modified_gmt":"2025-02-27T13:45:01","slug":"kundendienste","status":"publish","type":"page","link":"https:\/\/xn--internetkche-llb.de\/?page_id=2318","title":{"rendered":"\u00dcber Uns"},"content":{"rendered":"\t\t<div data-elementor-type=\"wp-page\" data-elementor-id=\"2318\" class=\"elementor elementor-2318\">\n\t\t\t\t\t\t<section class=\"elementor-section elementor-top-section elementor-element elementor-element-71ff2bd elementor-section-full_width elementor-section-height-default elementor-section-height-default wpr-particle-no wpr-jarallax-no wpr-parallax-no wpr-sticky-section-no\" data-id=\"71ff2bd\" data-element_type=\"section\">\n\t\t\t\t\t\t<div class=\"elementor-container elementor-column-gap-default\">\n\t\t\t\t\t<div class=\"elementor-column elementor-col-100 elementor-top-column elementor-element elementor-element-172d722\" data-id=\"172d722\" data-element_type=\"column\">\n\t\t\t<div class=\"elementor-widget-wrap elementor-element-populated\">\n\t\t\t\t\t\t<div class=\"elementor-element elementor-element-9b06af0 elementor-widget elementor-widget-spacer\" data-id=\"9b06af0\" data-element_type=\"widget\" data-widget_type=\"spacer.default\">\n\t\t\t\t<div class=\"elementor-widget-container\">\n\t\t\t\t\t\t\t<div class=\"elementor-spacer\">\n\t\t\t<div class=\"elementor-spacer-inner\"><\/div>\n\t\t<\/div>\n\t\t\t\t\t\t<\/div>\n\t\t\t\t<\/div>\n\t\t\t\t\t<\/div>\n\t\t<\/div>\n\t\t\t\t\t<\/div>\n\t\t<\/section>\n\t\t\t\t<section class=\"elementor-section elementor-top-section elementor-element elementor-element-5e9e260e elementor-section-boxed elementor-section-height-default elementor-section-height-default wpr-particle-no wpr-jarallax-no wpr-parallax-no wpr-sticky-section-no\" data-id=\"5e9e260e\" data-element_type=\"section\">\n\t\t\t\t\t\t<div class=\"elementor-container elementor-column-gap-default\">\n\t\t\t\t\t<div class=\"elementor-column elementor-col-50 elementor-top-column elementor-element elementor-element-72b7a688\" data-id=\"72b7a688\" data-element_type=\"column\">\n\t\t\t<div class=\"elementor-widget-wrap elementor-element-populated\">\n\t\t\t\t\t\t<div class=\"elementor-element elementor-element-7526a046 elementor-widget elementor-widget-image\" data-id=\"7526a046\" data-element_type=\"widget\" data-widget_type=\"image.default\">\n\t\t\t\t<div class=\"elementor-widget-container\">\n\t\t\t\t\t\t\t\t\t\t\t\t\t\t\t<img fetchpriority=\"high\" decoding=\"async\" width=\"1024\" height=\"1024\" src=\"https:\/\/xn--internetkche-llb.de\/wp-content\/uploads\/2023\/09\/1151-1024x1024.png\" class=\"attachment-large size-large wp-image-3958\" alt=\"\" srcset=\"https:\/\/xn--internetkche-llb.de\/wp-content\/uploads\/2023\/09\/1151-1024x1024.png 1024w, https:\/\/xn--internetkche-llb.de\/wp-content\/uploads\/2023\/09\/1151-300x300.png 300w, https:\/\/xn--internetkche-llb.de\/wp-content\/uploads\/2023\/09\/1151-150x150.png 150w, https:\/\/xn--internetkche-llb.de\/wp-content\/uploads\/2023\/09\/1151-768x768.png 768w, https:\/\/xn--internetkche-llb.de\/wp-content\/uploads\/2023\/09\/1151-1536x1536.png 1536w, https:\/\/xn--internetkche-llb.de\/wp-content\/uploads\/2023\/09\/1151-2048x2048.png 2048w\" sizes=\"(max-width: 1024px) 100vw, 1024px\" \/>\t\t\t\t\t\t\t\t\t\t\t\t\t\t\t<\/div>\n\t\t\t\t<\/div>\n\t\t\t\t\t<\/div>\n\t\t<\/div>\n\t\t\t\t<div class=\"elementor-column elementor-col-50 elementor-top-column elementor-element elementor-element-259dec82\" data-id=\"259dec82\" data-element_type=\"column\">\n\t\t\t<div class=\"elementor-widget-wrap elementor-element-populated\">\n\t\t\t\t\t\t<div class=\"elementor-element elementor-element-5044e77e elementor-widget-divider--view-line elementor-widget elementor-widget-divider\" data-id=\"5044e77e\" data-element_type=\"widget\" data-widget_type=\"divider.default\">\n\t\t\t\t<div class=\"elementor-widget-container\">\n\t\t\t\t\t\t\t<div class=\"elementor-divider\">\n\t\t\t<span class=\"elementor-divider-separator\">\n\t\t\t\t\t\t<\/span>\n\t\t<\/div>\n\t\t\t\t\t\t<\/div>\n\t\t\t\t<\/div>\n\t\t\t\t<div class=\"elementor-element elementor-element-5f740d2b elementor-widget elementor-widget-heading\" data-id=\"5f740d2b\" data-element_type=\"widget\" data-widget_type=\"heading.default\">\n\t\t\t\t<div class=\"elementor-widget-container\">\n\t\t\t\t\t<h2 class=\"elementor-heading-title elementor-size-default\"><b>Ma\u00dfgeschneiderte K\u00fcchenplanung mit pers\u00f6nlicher Betreuung<\/b><\/h2>\t\t\t\t<\/div>\n\t\t\t\t<\/div>\n\t\t\t\t<div class=\"elementor-element elementor-element-639fc5e elementor-widget elementor-widget-text-editor\" data-id=\"639fc5e\" data-element_type=\"widget\" data-widget_type=\"text-editor.default\">\n\t\t\t\t<div class=\"elementor-widget-container\">\n\t\t\t\t\t\t\t\t\t<p><span style=\"color: #000000;\">Willkommen bei [InternetK\u00fcchen.de] &#8211; IK4You.de!<\/span><\/p><p data-start=\"224\" data-end=\"326\"><span style=\"color: #000000;\">Ihrem Spezialisten f\u00fcr individuelle K\u00fcchenl\u00f6sungen zu fairen Preisen.<\/span><\/p><p data-start=\"328\" data-end=\"673\"><span style=\"color: #000000;\">Ich bin Benjamin Rombach, und ich plane nebenberuflich hochwertige Einbauk\u00fcchen f\u00fcr Privat- und Gewerbekunden. Mit \u00fcber 10 Jahren Erfahrung und mehr als 3.000 geplanten K\u00fcchen in Deutschland, \u00d6sterreich und der Schweiz biete ich Ihnen eine professionelle, effiziente und kosteng\u00fcnstige Alternative zu klassischen K\u00fcchenstudios.<\/span><\/p>\t\t\t\t\t\t\t\t<\/div>\n\t\t\t\t<\/div>\n\t\t\t\t\t<\/div>\n\t\t<\/div>\n\t\t\t\t\t<\/div>\n\t\t<\/section>\n\t\t\t\t<section class=\"elementor-section elementor-top-section elementor-element elementor-element-eb082b0 elementor-section-boxed elementor-section-height-default elementor-section-height-default wpr-particle-no wpr-jarallax-no wpr-parallax-no wpr-sticky-section-no\" data-id=\"eb082b0\" data-element_type=\"section\">\n\t\t\t\t\t\t<div class=\"elementor-container elementor-column-gap-default\">\n\t\t\t\t\t<div class=\"elementor-column elementor-col-100 elementor-top-column elementor-element elementor-element-e9247b3\" data-id=\"e9247b3\" data-element_type=\"column\">\n\t\t\t<div class=\"elementor-widget-wrap elementor-element-populated\">\n\t\t\t\t\t\t<div class=\"elementor-element elementor-element-65f1d08a elementor-widget elementor-widget-text-editor\" data-id=\"65f1d08a\" data-element_type=\"widget\" data-widget_type=\"text-editor.default\">\n\t\t\t\t<div class=\"elementor-widget-container\">\n\t\t\t\t\t\t\t\t\t<h2 data-start=\"675\" data-end=\"701\"><span style=\"color: #000000;\">Meine Philosophie<\/span><\/h2><p data-start=\"703\" data-end=\"980\"><span style=\"color: #000000;\">Die K\u00fcche ist das Herzst\u00fcck jedes Zuhauses \u2013 ein Ort der Begegnung, des Genusses und des pers\u00f6nlichen Ausdrucks. Mein Ziel ist es, Ihnen eine perfekt abgestimmte K\u00fcche zu bieten, die sowohl \u00e4sthetisch als auch funktional \u00fcberzeugt \u2013 zu einem Preis, der \u00fcberzeugt.<\/span><\/p><h6 data-start=\"1009\" data-end=\"1054\"><span style=\"color: #000000;\">\u2705 Nebenberuflich \u2013 Ihr Preisvorteil<\/span><\/h6><p data-start=\"1055\" data-end=\"1199\"><span style=\"color: #000000;\">Da ich mein Unternehmen nebenberuflich f\u00fchre, kann ich meine Fixkosten minimal halten. Dieser Kostenvorteil kommt direkt Ihnen zugute.<\/span><\/p><h6 data-start=\"1201\" data-end=\"1253\"><span style=\"color: #000000;\">\u2705 Musterb\u00fcro im historischen Gew\u00f6lbekeller<\/span><\/h6><p data-start=\"1254\" data-end=\"1559\"><span style=\"color: #000000;\">Mein Musterb\u00fcro befindet sich in unserem eigenen Haus in Aach, in einem historischen Gew\u00f6lbekeller. Dadurch fallen keine Mietkosten an, die auf Ihre K\u00fcche umgelegt werden m\u00fcssten \u2013 ein weiterer Preisvorteil f\u00fcr Sie. Sie k\u00f6nnen hier Musterfronten, Materialien und Farben live erleben.<\/span><\/p><h6 data-start=\"1561\" data-end=\"1610\"><span style=\"color: #000000;\">\u2705 Direkte Zusammenarbeit = Beste Preise<\/span><\/h6><p data-start=\"1611\" data-end=\"1740\"><span style=\"color: #000000;\">Dank meiner direkten Zusammenarbeit mit f\u00fchrenden Herstellern erhalten Sie Markenk\u00fcchen zu besonders g\u00fcnstigen Preisen:<\/span><\/p><p data-start=\"1742\" data-end=\"2058\"><span style=\"color: #000000;\">\u2705 Kein teurer Showroom \u2013 Ich plane individuell, ohne kostspielige Ausstellungsr\u00e4ume.<\/span><br data-start=\"1830\" data-end=\"1833\" \/><span style=\"color: #000000;\">\u2705 Hochwertige Qualit\u00e4t \u2013 Ich arbeite mit Bauformat, Burger K\u00fcchen, Bosch, Quooker und Blanco zusammen.<\/span><br data-start=\"1943\" data-end=\"1946\" \/><span style=\"color: #000000;\">\u2705 Effiziente Abl\u00e4ufe \u2013 Statt gro\u00dfer Strukturen setze ich auf direkte Beratung und kurze Entscheidungswege.<\/span><\/p>\t\t\t\t\t\t\t\t<\/div>\n\t\t\t\t<\/div>\n\t\t\t\t\t<\/div>\n\t\t<\/div>\n\t\t\t\t\t<\/div>\n\t\t<\/section>\n\t\t\t\t<section class=\"elementor-section elementor-top-section elementor-element elementor-element-5bd52ef6 elementor-section-boxed elementor-section-height-default elementor-section-height-default wpr-particle-no wpr-jarallax-no wpr-parallax-no wpr-sticky-section-no\" data-id=\"5bd52ef6\" data-element_type=\"section\" data-settings=\"{&quot;background_background&quot;:&quot;classic&quot;}\">\n\t\t\t\t\t\t<div class=\"elementor-container elementor-column-gap-default\">\n\t\t\t\t\t<div class=\"elementor-column elementor-col-33 elementor-top-column elementor-element elementor-element-540b07a1\" data-id=\"540b07a1\" data-element_type=\"column\">\n\t\t\t<div class=\"elementor-widget-wrap elementor-element-populated\">\n\t\t\t\t\t\t<div class=\"elementor-element elementor-element-7304c7e5 elementor-widget elementor-widget-heading\" data-id=\"7304c7e5\" data-element_type=\"widget\" data-widget_type=\"heading.default\">\n\t\t\t\t<div class=\"elementor-widget-container\">\n\t\t\t\t\t<h2 class=\"elementor-heading-title elementor-size-default\">Ihr Vorteil: Alles aus einer Hand<\/h2>\t\t\t\t<\/div>\n\t\t\t\t<\/div>\n\t\t\t\t<div class=\"elementor-element elementor-element-7b23563f elementor-widget-divider--view-line elementor-widget elementor-widget-divider\" data-id=\"7b23563f\" data-element_type=\"widget\" data-widget_type=\"divider.default\">\n\t\t\t\t<div class=\"elementor-widget-container\">\n\t\t\t\t\t\t\t<div class=\"elementor-divider\">\n\t\t\t<span class=\"elementor-divider-separator\">\n\t\t\t\t\t\t<\/span>\n\t\t<\/div>\n\t\t\t\t\t\t<\/div>\n\t\t\t\t<\/div>\n\t\t\t\t<div class=\"elementor-element elementor-element-70f9a76 elementor-widget elementor-widget-text-editor\" data-id=\"70f9a76\" data-element_type=\"widget\" data-widget_type=\"text-editor.default\">\n\t\t\t\t<div class=\"elementor-widget-container\">\n\t\t\t\t\t\t\t\t\t<p data-start=\"2104\" data-end=\"2149\"><span style=\"color: #000000;\">Ich \u00fcbernehme pers\u00f6nlich jeden Schritt:<\/span><\/p><p data-start=\"2151\" data-end=\"2586\"><span style=\"color: #000000;\">Beratung &amp; Planung Individuell und bedarfsgerecht, online oder in meinem Musterb\u00fcro.<\/span><br data-start=\"2245\" data-end=\"2248\" \/><span style=\"color: #000000;\">Professionelles Aufma\u00df Genaue Vermessung durch die Firma POS, um eine perfekte Passgenauigkeit zu gew\u00e4hrleisten.<\/span><br data-start=\"2374\" data-end=\"2377\" \/><span style=\"color: #000000;\">Transparente Angebotserstellung Klare Preise ohne versteckte Kosten.<\/span><br data-start=\"2455\" data-end=\"2458\" \/><span style=\"color: #000000;\">Zuverl\u00e4ssige Lieferung &amp; Montage Durch mein Netzwerk an erfahrenen Handwerkern wird Ihre K\u00fcche fachgerecht montiert.<\/span><\/p>\t\t\t\t\t\t\t\t<\/div>\n\t\t\t\t<\/div>\n\t\t\t\t\t<\/div>\n\t\t<\/div>\n\t\t\t\t<div class=\"elementor-column elementor-col-33 elementor-top-column elementor-element elementor-element-1cd091f7\" data-id=\"1cd091f7\" data-element_type=\"column\">\n\t\t\t<div class=\"elementor-widget-wrap elementor-element-populated\">\n\t\t\t\t\t\t<div class=\"elementor-element elementor-element-297bcc20 elementor-widget elementor-widget-heading\" data-id=\"297bcc20\" data-element_type=\"widget\" data-widget_type=\"heading.default\">\n\t\t\t\t<div class=\"elementor-widget-container\">\n\t\t\t\t\t<h2 class=\"elementor-heading-title elementor-size-default\">Ma\u00dfgeschneiderte K\u00fcchen f\u00fcr jedes Budget<\/h2>\t\t\t\t<\/div>\n\t\t\t\t<\/div>\n\t\t\t\t<div class=\"elementor-element elementor-element-3ba4d896 elementor-widget-divider--view-line elementor-widget elementor-widget-divider\" data-id=\"3ba4d896\" data-element_type=\"widget\" data-widget_type=\"divider.default\">\n\t\t\t\t<div class=\"elementor-widget-container\">\n\t\t\t\t\t\t\t<div class=\"elementor-divider\">\n\t\t\t<span class=\"elementor-divider-separator\">\n\t\t\t\t\t\t<\/span>\n\t\t<\/div>\n\t\t\t\t\t\t<\/div>\n\t\t\t\t<\/div>\n\t\t\t\t<div class=\"elementor-element elementor-element-635f881 elementor-widget elementor-widget-text-editor\" data-id=\"635f881\" data-element_type=\"widget\" data-widget_type=\"text-editor.default\">\n\t\t\t\t<div class=\"elementor-widget-container\">\n\t\t\t\t\t\t\t\t\t<p><span style=\"color: #000000;\">Ob luxuri\u00f6se Designk\u00fcche oder funktionale, budgetfreundliche L\u00f6sung \u2013 ich plane Ihre K\u00fcche genau nach Ihren W\u00fcnschen. Durch meine optimierten Abl\u00e4ufe biete ich Ihnen erstklassige Qualit\u00e4t zu einem unschlagbaren Preis-Leistungs-Verh\u00e4ltnis.<\/span><\/p>\t\t\t\t\t\t\t\t<\/div>\n\t\t\t\t<\/div>\n\t\t\t\t\t<\/div>\n\t\t<\/div>\n\t\t\t\t<div class=\"elementor-column elementor-col-33 elementor-top-column elementor-element elementor-element-2e678ecc\" data-id=\"2e678ecc\" data-element_type=\"column\">\n\t\t\t<div class=\"elementor-widget-wrap elementor-element-populated\">\n\t\t\t\t\t\t<div class=\"elementor-element elementor-element-1fabe64a elementor-widget elementor-widget-heading\" data-id=\"1fabe64a\" data-element_type=\"widget\" data-widget_type=\"heading.default\">\n\t\t\t\t<div class=\"elementor-widget-container\">\n\t\t\t\t\t<h2 class=\"elementor-heading-title elementor-size-default\">Ihr Experte f\u00fcr private &amp; gewerbliche K\u00fcchen<\/h2>\t\t\t\t<\/div>\n\t\t\t\t<\/div>\n\t\t\t\t<div class=\"elementor-element elementor-element-1040496d elementor-widget-divider--view-line elementor-widget elementor-widget-divider\" data-id=\"1040496d\" data-element_type=\"widget\" data-widget_type=\"divider.default\">\n\t\t\t\t<div class=\"elementor-widget-container\">\n\t\t\t\t\t\t\t<div class=\"elementor-divider\">\n\t\t\t<span class=\"elementor-divider-separator\">\n\t\t\t\t\t\t<\/span>\n\t\t<\/div>\n\t\t\t\t\t\t<\/div>\n\t\t\t\t<\/div>\n\t\t\t\t<div class=\"elementor-element elementor-element-6674fa3 elementor-widget elementor-widget-text-editor\" data-id=\"6674fa3\" data-element_type=\"widget\" data-widget_type=\"text-editor.default\">\n\t\t\t\t<div class=\"elementor-widget-container\">\n\t\t\t\t\t\t\t\t\t<p data-start=\"2948\" data-end=\"3194\"><span style=\"color: #000000;\">Neben individuellen Privatk\u00fcchen realisiere ich auch Objektk\u00fcchen f\u00fcr Neubauprojekte. Dank meiner Erfahrung in der Zusammenarbeit mit Bautr\u00e4gern und Architekten garantiere ich eine reibungslose Koordination und termingerechte Umsetzung.<\/span><\/p>\t\t\t\t\t\t\t\t<\/div>\n\t\t\t\t<\/div>\n\t\t\t\t\t<\/div>\n\t\t<\/div>\n\t\t\t\t\t<\/div>\n\t\t<\/section>\n\t\t\t\t<section class=\"elementor-section elementor-top-section elementor-element elementor-element-e4a4157 elementor-section-full_width elementor-section-stretched elementor-section-height-default elementor-section-height-default wpr-particle-no wpr-jarallax-no wpr-parallax-no wpr-sticky-section-no\" data-id=\"e4a4157\" data-element_type=\"section\" data-settings=\"{&quot;stretch_section&quot;:&quot;section-stretched&quot;}\">\n\t\t\t\t\t\t<div class=\"elementor-container elementor-column-gap-default\">\n\t\t\t\t\t<div class=\"elementor-column elementor-col-100 elementor-top-column elementor-element elementor-element-b27a621\" data-id=\"b27a621\" data-element_type=\"column\">\n\t\t\t<div class=\"elementor-widget-wrap elementor-element-populated\">\n\t\t\t\t\t\t<div class=\"elementor-element elementor-element-dc9a960 elementor-widget elementor-widget-text-editor\" data-id=\"dc9a960\" data-element_type=\"widget\" data-widget_type=\"text-editor.default\">\n\t\t\t\t<div class=\"elementor-widget-container\">\n\t\t\t\t\t\t\t\t\t<p style=\"text-align: center;\"><span style=\"color: #000000;\">Wir laden Sie herzlich ein, sich von unserer Expertise und Hingabe selbst zu \u00fcberzeugen. Lassen Sie uns gemeinsam Ihre Traumk\u00fcche gestalten!<\/span><\/p><p style=\"text-align: center;\"><span style=\"color: #000000;\">Kontaktieren Sie uns noch heute, um den ersten Schritt auf dem Weg zu Ihrer neuen Einbauk\u00fcche zu machen.<\/span><\/p>\t\t\t\t\t\t\t\t<\/div>\n\t\t\t\t<\/div>\n\t\t\t\t<div class=\"elementor-element elementor-element-9ddf3d1 wpr-button-icon-a-position-left wpr-button-icon-b-position-right elementor-widget elementor-widget-wpr-dual-button\" data-id=\"9ddf3d1\" data-element_type=\"widget\" data-widget_type=\"wpr-dual-button.default\">\n\t\t\t\t<div class=\"elementor-widget-container\">\n\t\t\t\t\t\t\n\t<div class=\"wpr-dual-button\">\n\t\t\t\t\n\t\t\n\t\t<div class=\"wpr-button-a-wrap elementor-clearfix\">\n\t\t<a class=\"wpr-button-a wpr-button-effect wpr-button-none\" data-text=\"Go 1\" href=\"\/?page_id=743\">\n\t\t\t\n\t\t\t<span class=\"wpr-button-content-a\">\n\t\t\t\t\t\t\t\t\t<span class=\"wpr-button-text-a\">Zum Planer<\/span>\n\t\t\t\t\t\t\t\t\n\t\t\t\t\t\t\t\t\t<span class=\"wpr-button-icon-a\"><i class=\"fas fa-couch\"><\/i><\/span>\n\t\t\t\t\t\t\t<\/span>\n\t\t<\/a>\n\n\t\t\n\t\t\n\t\t<\/div>\n\n\t\t\n\t\t\t\t\t\n\t\t\n\t\t<div class=\"wpr-button-b-wrap elementor-clearfix\">\n\t\t<a class=\"wpr-button-b wpr-button-effect wpr-button-none\" data-text=\"Go\" href=\"\/?page_id=1111\">\n\t\t\t\n\t\t\t<span class=\"wpr-button-content-b\">\n\t\t\t\t\t\t\t\t\t<span class=\"wpr-button-text-b\">Kontaktformular<\/span>\n\t\t\t\t\t\t\t\t\n\t\t\t\t\t\t\t\t\t<span class=\"wpr-button-icon-b\"><i class=\"icon icon-email\"><\/i><\/span>\n\t\t\t\t\t\t\t<\/span>\n\t\t<\/a>\n\n\t\t\t\t<\/div>\n\t\n\t\t\t<\/div>\n\t\t\t\t\t<\/div>\n\t\t\t\t<\/div>\n\t\t\t\t\t<\/div>\n\t\t<\/div>\n\t\t\t\t\t<\/div>\n\t\t<\/section>\n\t\t\t\t<\/div>\n\t\t","protected":false},"excerpt":{"rendered":"<p>Ma\u00dfgeschneiderte K\u00fcchenplanung mit pers\u00f6nlicher Betreuung Willkommen bei [InternetK\u00fcchen.de] &#8211; IK4You.de! Ihrem Spezialisten f\u00fcr individuelle K\u00fcchenl\u00f6sungen zu fairen Preisen. Ich bin Benjamin Rombach, und ich plane nebenberuflich hochwertige Einbauk\u00fcchen f\u00fcr Privat- und Gewerbekunden. Mit \u00fcber 10 Jahren Erfahrung und mehr als 3.000 geplanten K\u00fcchen in Deutschland, \u00d6sterreich und der Schweiz biete ich Ihnen eine professionelle, effiziente und kosteng\u00fcnstige Alternative zu klassischen K\u00fcchenstudios. Meine Philosophie Die K\u00fcche ist das Herzst\u00fcck jedes Zuhauses \u2013 ein Ort der Begegnung, des Genusses und des pers\u00f6nlichen Ausdrucks. Mein Ziel ist es, Ihnen eine perfekt abgestimmte K\u00fcche zu bieten, die sowohl \u00e4sthetisch als auch funktional \u00fcberzeugt \u2013 zu einem Preis, der \u00fcberzeugt. \u2705 Nebenberuflich \u2013 Ihr Preisvorteil Da ich mein Unternehmen nebenberuflich f\u00fchre, kann ich meine Fixkosten minimal halten. Dieser Kostenvorteil kommt direkt Ihnen zugute. \u2705 Musterb\u00fcro im historischen Gew\u00f6lbekeller Mein Musterb\u00fcro befindet sich in unserem eigenen Haus in Aach, in einem historischen Gew\u00f6lbekeller. Dadurch fallen keine Mietkosten an, die auf Ihre K\u00fcche umgelegt werden m\u00fcssten \u2013 ein weiterer Preisvorteil f\u00fcr Sie. Sie k\u00f6nnen hier Musterfronten, Materialien und Farben live erleben. \u2705 Direkte Zusammenarbeit = Beste Preise Dank meiner direkten Zusammenarbeit mit f\u00fchrenden Herstellern erhalten Sie Markenk\u00fcchen zu besonders g\u00fcnstigen Preisen: \u2705 Kein teurer Showroom \u2013 Ich plane individuell, ohne kostspielige Ausstellungsr\u00e4ume.\u2705 Hochwertige Qualit\u00e4t \u2013 Ich arbeite mit Bauformat, Burger K\u00fcchen, Bosch, Quooker und Blanco zusammen.\u2705 Effiziente Abl\u00e4ufe \u2013 Statt gro\u00dfer Strukturen setze ich auf direkte Beratung und kurze Entscheidungswege. Ihr Vorteil: Alles aus einer Hand Ich \u00fcbernehme pers\u00f6nlich jeden Schritt: Beratung &amp; Planung Individuell und bedarfsgerecht, online oder in meinem Musterb\u00fcro.Professionelles Aufma\u00df Genaue Vermessung durch die Firma POS, um eine perfekte Passgenauigkeit zu gew\u00e4hrleisten.Transparente Angebotserstellung Klare Preise ohne versteckte Kosten.Zuverl\u00e4ssige Lieferung &amp; Montage Durch mein Netzwerk an erfahrenen Handwerkern wird Ihre K\u00fcche fachgerecht montiert. Ma\u00dfgeschneiderte K\u00fcchen f\u00fcr jedes Budget Ob luxuri\u00f6se Designk\u00fcche oder funktionale, budgetfreundliche L\u00f6sung \u2013 ich plane Ihre K\u00fcche genau nach Ihren W\u00fcnschen. Durch meine optimierten Abl\u00e4ufe biete ich Ihnen erstklassige Qualit\u00e4t zu einem unschlagbaren Preis-Leistungs-Verh\u00e4ltnis. Ihr Experte f\u00fcr private &#038; gewerbliche K\u00fcchen Neben individuellen Privatk\u00fcchen realisiere ich auch Objektk\u00fcchen f\u00fcr Neubauprojekte. Dank meiner Erfahrung in der Zusammenarbeit mit Bautr\u00e4gern und Architekten garantiere ich eine reibungslose Koordination und termingerechte Umsetzung. Wir laden Sie herzlich ein, sich von unserer Expertise und Hingabe selbst zu \u00fcberzeugen. Lassen Sie uns gemeinsam Ihre Traumk\u00fcche gestalten! Kontaktieren Sie uns noch heute, um den ersten Schritt auf dem Weg zu Ihrer neuen Einbauk\u00fcche zu machen. Zum Planer Kontaktformular<\/p>\n","protected":false},"author":1,"featured_media":0,"parent":0,"menu_order":0,"comment_status":"closed","ping_status":"closed","template":"page-templates\/pagebuilder.php","meta":{"_eb_attr":"","footnotes":""},"class_list":["post-2318","page","type-page","status-publish","hentry"],"jetpack_sharing_enabled":true,"_links":{"self":[{"href":"https:\/\/xn--internetkche-llb.de\/index.php?rest_route=\/wp\/v2\/pages\/2318","targetHints":{"allow":["GET"]}}],"collection":[{"href":"https:\/\/xn--internetkche-llb.de\/index.php?rest_route=\/wp\/v2\/pages"}],"about":[{"href":"https:\/\/xn--internetkche-llb.de\/index.php?rest_route=\/wp\/v2\/types\/page"}],"author":[{"embeddable":true,"href":"https:\/\/xn--internetkche-llb.de\/index.php?rest_route=\/wp\/v2\/users\/1"}],"replies":[{"embeddable":true,"href":"https:\/\/xn--internetkche-llb.de\/index.php?rest_route=%2Fwp%2Fv2%2Fcomments&post=2318"}],"version-history":[{"count":0,"href":"https:\/\/xn--internetkche-llb.de\/index.php?rest_route=\/wp\/v2\/pages\/2318\/revisions"}],"wp:attachment":[{"href":"https:\/\/xn--internetkche-llb.de\/index.php?rest_route=%2Fwp%2Fv2%2Fmedia&parent=2318"}],"curies":[{"name":"wp","href":"https:\/\/api.w.org\/{rel}","templated":true}]}}